{"id":17287,"date":"2023-07-23T15:21:10","date_gmt":"2023-07-23T14:21:10","guid":{"rendered":"https:\/\/www.spanishvillaphotography.com\/politica-de-cookies\/"},"modified":"2025-06-10T18:31:24","modified_gmt":"2025-06-10T17:31:24","slug":"politica-de-cookies","status":"publish","type":"page","link":"https:\/\/www.spanishvillaphotography.com\/es\/politica-de-cookies\/","title":{"rendered":"Pol\u00edtica de Cookies"},"content":{"rendered":"\t\t<div data-elementor-type=\"wp-page\" data-elementor-id=\"17287\" class=\"elementor elementor-17287 elementor-16697\">\n\t\t\t\t\t\t<section class=\"elementor-section elementor-top-section elementor-element elementor-element-6b3c25f elementor-section-stretched elementor-section-boxed elementor-section-height-default elementor-section-height-default\" data-id=\"6b3c25f\" data-element_type=\"section\" data-e-type=\"section\" data-settings=\"{&quot;stretch_section&quot;:&quot;section-stretched&quot;,&quot;background_background&quot;:&quot;classic&quot;,&quot;shape_divider_bottom&quot;:&quot;wave-brush&quot;}\">\n\t\t\t\t\t\t\t<div class=\"elementor-background-overlay\"><\/div>\n\t\t\t\t\t\t<div class=\"elementor-shape elementor-shape-bottom\" aria-hidden=\"true\" data-negative=\"false\">\n\t\t\t<svg xmlns=\"http:\/\/www.w3.org\/2000\/svg\" viewBox=\"0 0 283.5 27.8\" preserveAspectRatio=\"none\">\n\t<path class=\"elementor-shape-fill\" d=\"M283.5,9.7c0,0-7.3,4.3-14,4.6c-6.8,0.3-12.6,0-20.9-1.5c-11.3-2-33.1-10.1-44.7-5.7\ts-12.1,4.6-18,7.4c-6.6,3.2-20,9.6-36.6,9.3C131.6,23.5,99.5,7.2,86.3,8c-1.4,0.1-6.6,0.8-10.5,2c-3.8,1.2-9.4,3.8-17,4.7\tc-3.2,0.4-8.3,1.1-14.2,0.9c-1.5-0.1-6.3-0.4-12-1.6c-5.7-1.2-11-3.1-15.8-3.7C6.5,9.2,0,10.8,0,10.8V0h283.5V9.7z M260.8,11.3\tc-0.7-1-2-0.4-4.3-0.4c-2.3,0-6.1-1.2-5.8-1.1c0.3,0.1,3.1,1.5,6,1.9C259.7,12.2,261.4,12.3,260.8,11.3z M242.4,8.6\tc0,0-2.4-0.2-5.6-0.9c-3.2-0.8-10.3-2.8-15.1-3.5c-8.2-1.1-15.8,0-15.1,0.1c0.8,0.1,9.6-0.6,17.6,1.1c3.3,0.7,9.3,2.2,12.4,2.7\tC239.9,8.7,242.4,8.6,242.4,8.6z M185.2,8.5c1.7-0.7-13.3,4.7-18.5,6.1c-2.1,0.6-6.2,1.6-10,2c-3.9,0.4-8.9,0.4-8.8,0.5\tc0,0.2,5.8,0.8,11.2,0c5.4-0.8,5.2-1.1,7.6-1.6C170.5,14.7,183.5,9.2,185.2,8.5z M199.1,6.9c0.2,0-0.8-0.4-4.8,1.1\tc-4,1.5-6.7,3.5-6.9,3.7c-0.2,0.1,3.5-1.8,6.6-3C197,7.5,199,6.9,199.1,6.9z M283,6c-0.1,0.1-1.9,1.1-4.8,2.5s-6.9,2.8-6.7,2.7\tc0.2,0,3.5-0.6,7.4-2.5C282.8,6.8,283.1,5.9,283,6z M31.3,11.6c0.1-0.2-1.9-0.2-4.5-1.2s-5.4-1.6-7.8-2C15,7.6,7.3,8.5,7.7,8.6\tC8,8.7,15.9,8.3,20.2,9.3c2.2,0.5,2.4,0.5,5.7,1.6S31.2,11.9,31.3,11.6z M73,9.2c0.4-0.1,3.5-1.6,8.4-2.6c4.9-1.1,8.9-0.5,8.9-0.8\tc0-0.3-1-0.9-6.2-0.3S72.6,9.3,73,9.2z M71.6,6.7C71.8,6.8,75,5.4,77.3,5c2.3-0.3,1.9-0.5,1.9-0.6c0-0.1-1.1-0.2-2.7,0.2\tC74.8,5.1,71.4,6.6,71.6,6.7z M93.6,4.4c0.1,0.2,3.5,0.8,5.6,1.8c2.1,1,1.8,0.6,1.9,0.5c0.1-0.1-0.8-0.8-2.4-1.3\tC97.1,4.8,93.5,4.2,93.6,4.4z M65.4,11.1c-0.1,0.3,0.3,0.5,1.9-0.2s2.6-1.3,2.2-1.2s-0.9,0.4-2.5,0.8C65.3,10.9,65.5,10.8,65.4,11.1\tz M34.5,12.4c-0.2,0,2.1,0.8,3.3,0.9c1.2,0.1,2,0.1,2-0.2c0-0.3-0.1-0.5-1.6-0.4C36.6,12.8,34.7,12.4,34.5,12.4z M152.2,21.1\tc-0.1,0.1-2.4-0.3-7.5-0.3c-5,0-13.6-2.4-17.2-3.5c-3.6-1.1,10,3.9,16.5,4.1C150.5,21.6,152.3,21,152.2,21.1z\"\/>\n\t<path class=\"elementor-shape-fill\" d=\"M269.6,18c-0.1-0.1-4.6,0.3-7.2,0c-7.3-0.7-17-3.2-16.6-2.9c0.4,0.3,13.7,3.1,17,3.3\tC267.7,18.8,269.7,18,269.6,18z\"\/>\n\t<path class=\"elementor-shape-fill\" d=\"M227.4,9.8c-0.2-0.1-4.5-1-9.5-1.2c-5-0.2-12.7,0.6-12.3,0.5c0.3-0.1,5.9-1.8,13.3-1.2\tS227.6,9.9,227.4,9.8z\"\/>\n\t<path class=\"elementor-shape-fill\" d=\"M204.5,13.4c-0.1-0.1,2-1,3.2-1.1c1.2-0.1,2,0,2,0.3c0,0.3-0.1,0.5-1.6,0.4\tC206.4,12.9,204.6,13.5,204.5,13.4z\"\/>\n\t<path class=\"elementor-shape-fill\" d=\"M201,10.6c0-0.1-4.4,1.2-6.3,2.2c-1.9,0.9-6.2,3.1-6.1,3.1c0.1,0.1,4.2-1.6,6.3-2.6\tS201,10.7,201,10.6z\"\/>\n\t<path class=\"elementor-shape-fill\" d=\"M154.5,26.7c-0.1-0.1-4.6,0.3-7.2,0c-7.3-0.7-17-3.2-16.6-2.9c0.4,0.3,13.7,3.1,17,3.3\tC152.6,27.5,154.6,26.8,154.5,26.7z\"\/>\n\t<path class=\"elementor-shape-fill\" d=\"M41.9,19.3c0,0,1.2-0.3,2.9-0.1c1.7,0.2,5.8,0.9,8.2,0.7c4.2-0.4,7.4-2.7,7-2.6\tc-0.4,0-4.3,2.2-8.6,1.9c-1.8-0.1-5.1-0.5-6.7-0.4S41.9,19.3,41.9,19.3z\"\/>\n\t<path class=\"elementor-shape-fill\" d=\"M75.5,12.6c0.2,0.1,2-0.8,4.3-1.1c2.3-0.2,2.1-0.3,2.1-0.5c0-0.1-1.8-0.4-3.4,0\tC76.9,11.5,75.3,12.5,75.5,12.6z\"\/>\n\t<path class=\"elementor-shape-fill\" d=\"M15.6,13.2c0-0.1,4.3,0,6.7,0.5c2.4,0.5,5,1.9,5,2c0,0.1-2.7-0.8-5.1-1.4\tC19.9,13.7,15.7,13.3,15.6,13.2z\"\/>\n<\/svg>\t\t<\/div>\n\t\t\t\t\t<div class=\"elementor-container elementor-column-gap-default\">\n\t\t\t\t\t<div class=\"elementor-column elementor-col-100 elementor-top-column elementor-element elementor-element-51510c2\" data-id=\"51510c2\" data-element_type=\"column\" data-e-type=\"column\">\n\t\t\t<div class=\"elementor-widget-wrap elementor-element-populated\">\n\t\t\t\t\t\t<div class=\"elementor-element elementor-element-369e940 elementor-widget elementor-widget-heading\" data-id=\"369e940\" data-element_type=\"widget\" data-e-type=\"widget\" data-widget_type=\"heading.default\">\n\t\t\t\t<div class=\"elementor-widget-container\">\n\t\t\t\t\t<h2 class=\"elementor-heading-title elementor-size-default\">Pol\u00edtica de Cookies<\/h2>\t\t\t\t<\/div>\n\t\t\t\t<\/div>\n\t\t\t\t<div class=\"elementor-element elementor-element-d6bef1b elementor-widget elementor-widget-heading\" data-id=\"d6bef1b\" data-element_type=\"widget\" data-e-type=\"widget\" data-widget_type=\"heading.default\">\n\t\t\t\t<div class=\"elementor-widget-container\">\n\t\t\t\t\t<h2 class=\"elementor-heading-title elementor-size-default\">Fotograf\u00eda, Tours Virtuales, Sitios Web<\/h2>\t\t\t\t<\/div>\n\t\t\t\t<\/div>\n\t\t\t\t\t<\/div>\n\t\t<\/div>\n\t\t\t\t\t<\/div>\n\t\t<\/section>\n\t\t\t\t<section class=\"elementor-section elementor-top-section elementor-element elementor-element-ae35294 elementor-section-boxed elementor-section-height-default elementor-section-height-default\" data-id=\"ae35294\" data-element_type=\"section\" data-e-type=\"section\">\n\t\t\t\t\t\t<div class=\"elementor-container elementor-column-gap-default\">\n\t\t\t\t\t<div class=\"elementor-column elementor-col-100 elementor-top-column elementor-element elementor-element-c03cb9c\" data-id=\"c03cb9c\" data-element_type=\"column\" data-e-type=\"column\">\n\t\t\t<div class=\"elementor-widget-wrap elementor-element-populated\">\n\t\t\t\t\t\t<div class=\"elementor-element elementor-element-b5f6c20 elementor-widget elementor-widget-heading\" data-id=\"b5f6c20\" data-element_type=\"widget\" data-e-type=\"widget\" data-widget_type=\"heading.default\">\n\t\t\t\t<div class=\"elementor-widget-container\">\n\t\t\t\t\t<h2 class=\"elementor-heading-title elementor-size-default\">Bienvenido a la <b>Pol\u00edtica de Cookies<\/b> de Spanish Villa Photography<\/h2>\t\t\t\t<\/div>\n\t\t\t\t<\/div>\n\t\t\t\t<div class=\"elementor-element elementor-element-34d9143 elementor-widget elementor-widget-heading\" data-id=\"34d9143\" data-element_type=\"widget\" data-e-type=\"widget\" data-widget_type=\"heading.default\">\n\t\t\t\t<div class=\"elementor-widget-container\">\n\t\t\t\t\t<span class=\"elementor-heading-title elementor-size-default\">Si tiene alguna pregunta, cont\u00e1ctenos por correo electr\u00f3nico (<b><a href=\"mailto:terms@spanishvilla.photos\">terms@spanishvilla.photos<\/a><\/b>). Gracias. <\/span>\t\t\t\t<\/div>\n\t\t\t\t<\/div>\n\t\t\t\t\t<\/div>\n\t\t<\/div>\n\t\t\t\t\t<\/div>\n\t\t<\/section>\n\t\t\t\t<section class=\"elementor-section elementor-top-section elementor-element elementor-element-50dd73c elementor-section-boxed elementor-section-height-default elementor-section-height-default\" data-id=\"50dd73c\" data-element_type=\"section\" data-e-type=\"section\">\n\t\t\t\t\t\t<div class=\"elementor-container elementor-column-gap-default\">\n\t\t\t\t\t<div class=\"elementor-column elementor-col-100 elementor-top-column elementor-element elementor-element-9bb4776\" data-id=\"9bb4776\" data-element_type=\"column\" data-e-type=\"column\">\n\t\t\t<div class=\"elementor-widget-wrap elementor-element-populated\">\n\t\t\t\t\t\t<div class=\"elementor-element elementor-element-c762976 elementor-widget elementor-widget-text-editor\" data-id=\"c762976\" data-element_type=\"widget\" data-e-type=\"widget\" data-widget_type=\"text-editor.default\">\n\t\t\t\t<div class=\"elementor-widget-container\">\n\t\t\t\t\t\t\t\t\t<p><strong>Responsable:<\/strong><\/p><p>Mark Alexander Chinnick, con N.I.E.: X-5857807-Y<br>Telefono: 652 72 51 04. Correo: <a href=\"mailto:info@spanishvillaphotography.com\">info@spanishvillaphotography.com<\/a> <\/p><p><strong>COOKIES<\/strong><br>Este sitio Web utiliza cookies y\/o tecnolog\u00edas similares que almacenan y recuperan informaci\u00f3n cuando navegas. En general estas tecnolog\u00edas pueden servir para finalidades muy diversas como por ejemplo, reconocerte como usuario, obtener informaci\u00f3n sobre tus h\u00e1bitos de navegaci\u00f3n o personalizar la forma en que se muestra el contenido. <\/p><p><strong>Tipos de cookies<\/strong>:<br>Existen diferentes tipos de cookies, que se pueden clasificar:<\/p><p>\u2022 Seg\u00fan qui\u00e9n sea la entidad que gestione el equipo o dominio desde donde se env\u00edan las cookies y trate los datos que se obtengan:<\/p><p><strong>Cookies propias:<\/strong> son aquellas que se env\u00edan al equipo terminal del usuario desde un equipo o dominio gestionado por el propio editor y desde el que se presta el servicio solicitado por el usuario.<\/p><p><strong>Cookies de tercero:<\/strong> son aquellas que se env\u00edan al equipo terminal del usuario desde un equipo o dominio que no es gestionado por el editor, sino por otra entidad que trata los datos obtenidos trav\u00e9s de las cookies.<\/p><p>Tenga en cuenta que si acepta las cookies de terceros, deber\u00e1 eliminarlas desde las opciones del navegador.<\/p><p>\u2022 Seg\u00fan su finalidad al obtener informaci\u00f3n sobre el usuario:<\/p><p><strong>Cookies t\u00e9cnicas:<\/strong> Son aquellas imprescindibles para permitir al usuario la navegaci\u00f3n a trav\u00e9s de una p\u00e1gina web, aplicaci\u00f3n o plataforma, como por ejemplo las que permiten almacenar datos de un pedido online.<\/p><p><strong>\u039e Cookies de personalizaci\u00f3n o preferencias:<\/strong> son aquellas que permiten recordar informaci\u00f3n para que el usuario acceda al servicio con determinadas caracter\u00edsticas que pueden diferenciar su experiencia de la de otros usuarios, como por ejemplo el idioma.<\/p><p><strong>\u039e Cookies de an\u00e1lisis o mediaci\u00f3n:<\/strong> son aquellas que permiten al responsable de las mismas el seguimiento y an\u00e1lisis del comportamiento de los usuarios de los sitios web, aplicaciones o plataformas.<\/p><p><strong>\u039e Cookies de publicidad comportamental:<\/strong> son aquellas que almacenan informaci\u00f3n del comportamiento de los usuarios obtenida a trav\u00e9s de la observaci\u00f3n continuada de sus h\u00e1bitos de navegaci\u00f3n, lo que permite desarrollar un perfil espec\u00edfico para mostrar publicidad en funci\u00f3n del mismo.<\/p><p>\u2022 Seg\u00fan el plazo de tiempo que permanecen activadas en el equipo terminal:<\/p><p><strong>Cookies de sesi\u00f3n:<\/strong> est\u00e1n dise\u00f1adas para recopilar y almacenar datos mientras el usuario accede a una p\u00e1gina web. Suelen almacenar informaci\u00f3n que solo es \u00fatil para la prestaci\u00f3n del servicio solicitado por el usuario en una sola ocasi\u00f3n y desaparecen al finalizar la sesi\u00f3n, como una lista de productos adquiridos. <\/p><p><strong>Cookies persistentes:<\/strong> son aquellas en las que los datos siguen almacenados en el terminal y pueden ser accedidos y tratados durante un periodo definido por el responsable de la cookie.<\/p><p>Puede obtener m\u00e1s informaci\u00f3n sobre las cookies y su uso en <a href=\"https:\/\/www.aboutcookies.org\" target=\"_blank\" rel=\"noopener\">https:\/\/www.aboutcookies.org<\/a>.<\/p><p>Puede permitir o bloquear las cookies, as\u00ed como eliminar datos de navegaci\u00f3n (incluidas las cookies) desde el navegador que utilice. Consulte las opciones e instrucciones de su navegador para ello. <\/p><p><strong>C\u00f3mo gestionar las cookies desde tu navegador<\/strong><br>Si deseas desactivar o eliminar las cookies a trav\u00e9s de la configuraci\u00f3n de tu navegador, te facilitamos el acceso a los principales navegadores de internet para la configuraci\u00f3n de cookies:<br>Google Chrome: <a href=\"https:\/\/support.google.com\/chrome\/answer\/95647?hl=es\" target=\"_blank\" rel=\"noopener\">https:\/\/support.google.com\/chrome\/answer\/95647?hl=es<\/a><br>Mozilla Firefox:<a href=\"https:\/\/support.mozilla.org\/es\/kb\/cookies-informacion-que-los-sitios-web-guardan-en-?redirectlocale=en-US&amp;redirectslug=Cookies\" target=\"_blank\" rel=\"noopener\"> https:\/\/support.mozilla.org\/es\/kb\/cookies-informacion-que-los-sitios-web-guardan-en-?redirectlocale=en-US&amp;redirectslug=Cookies<\/a><br>Internet Explorer: <a href=\"https:\/\/support.microsoft.com\/es-es\/help\/278835\/how-to-delete-cookie-files-in-internet-explorer\" target=\"_blank\" rel=\"noopener\">https:\/\/support.microsoft.com\/es-es\/help\/278835\/how-to-delete-cookie-files-in-internet-explorer<\/a><br>Safari: <a href=\"https:\/\/support.apple.com\/es-es\/HT201265\" target=\"_blank\" rel=\"noopener\">https:\/\/support.apple.com\/es-es\/HT201265<\/a><\/p><p>Para m\u00e1s informaci\u00f3n sobre otros navegadores puedes consultar <a href=\"https:\/\/www.aboutcookies.org\/how-to-control-cookies\/\" target=\"_blank\" rel=\"noopener\">https:\/\/www.aboutcookies.org\/how-to-control-cookies\/<\/a>.<\/p><p><strong>Cookies en dispositivos m\u00f3viles:<\/strong><br>El sitio web tambi\u00e9n puede utilizar cookies u otros dispositivos de almacenamiento en dispositivos m\u00f3viles. Al igual que en los navegadores de ordenador, los navegadores de dispositivos m\u00f3viles permiten modificar las opciones o la configuraci\u00f3n de privacidad para desactivar o eliminar las cookies. <\/p><p>Si desea modificar sus opciones de privacidad, siga las instrucciones especificadas por el desarrollador del navegador de su dispositivo m\u00f3vil.<\/p><p>A continuaci\u00f3n, podr\u00e1s encontrar algunos ejemplos de enlaces que te guiar\u00e1n para modificar las opciones de privacidad en tu dispositivo m\u00f3vil:<br>iOS: (<a href=\"http:\/\/goo.gl\/61xevS\" target=\"_blank\" rel=\"noopener\">http:\/\/goo.gl\/61xevS<\/a>)<br>Windows Phone: (<a href=\"https:\/\/goo.gl\/tKyb0y\" target=\"_blank\" rel=\"noopener\">https:\/\/goo.gl\/tKyb0y<\/a>)<br>Chrome Mobile: (<a href=\"http:\/\/goo.gl\/XJp7N\" target=\"_blank\" rel=\"noopener\">http:\/\/goo.gl\/XJp7N<\/a>)<br>Opera Mobile: (<a href=\"http:\/\/goo.gl\/Nzr8s7\" target=\"_blank\" rel=\"noopener\">http:\/\/goo.gl\/Nzr8s7<\/a>)<\/p><p>En el caso de que se desactiven las cookies algunas funcionalidades del sitio web podr\u00edan dejar de estar operativas.<\/p><p><strong>Cookies usadas en esta web:<\/strong><br><strong>Cookies propias:<\/strong><br>Estas cookies son necesarias para el buen funcionamiento de la p\u00e1gina web. El usuario no podr\u00e1 desactivarlas. <\/p><p><strong>Cookies de Terceros:<\/strong><br>Para conocer las Cookies de terceros piche aqu\u00ed y podr\u00e1 comprobar las cookies que se usan, su finalidad, el tipo que es y su caducidad. Para m\u00e1s informaci\u00f3n podr\u00e1 pichar en los enlaces siguientes: <\/p><p><strong>Cookies de Google:<\/strong><br>Google utiliza cookies para recordar sus preferencias de b\u00fasqueda segura o mostrarle anuncios que sean m\u00e1s relevantes para usted, proteger sus datos o recordar su configuraci\u00f3n.<\/p><p>M\u00e1s informaci\u00f3n sobre las cookies de Google e informaci\u00f3n sobre la privacidad en los siguientes enlaces:<br><a href=\"https:\/\/policies.google.com\/technologies\/types?hl=es\" target=\"_blank\" rel=\"noopener\">https:\/\/policies.google.com\/technologies\/types?hl=es<\/a><\/p><p><strong>Cookies de An\u00e1lisis de Google Analitycs:<\/strong><br>Que monitoriza el comportamiento de los usuarios que visitan la Web utiliza las cookies para analizar los h\u00e1bitos de navegaci\u00f3n de los usuarios que acceden a los sitios web de sus clientes, recopilando informaci\u00f3n de forma an\u00f3nima, sin identificar usuarios individuales.<\/p><p>M\u00e1s informaci\u00f3n sobre las cookies de Google Analytics e informaci\u00f3n sobre la privacidad en los siguientes enlaces:<br><a href=\"https:\/\/developers.google.com\/analytics\/devguides\/collection\/analyticsjs\/cookie-usage\" target=\"_blank\" rel=\"noopener\">https:\/\/developers.google.com\/analytics\/devguides\/collection\/analyticsjs\/cookie-usage<\/a><\/p><p><strong>Cookies de Facebook:<\/strong><br>En esta Web es posible que usemos los plugins sociales de Facebook, pudiendo en este caso que su navegador pueda crear una conexi\u00f3n directa con los servidores de Facebook y transmitir los datos (identificador del navegador del usuario) sobre su comportamiento mediante la colocaci\u00f3n de cookies a los servidores de Facebook.<\/p><p>Para m\u00e1s informaci\u00f3n y forma de desactivarlas acudir a los siguientes enlaces: <a href=\"https:\/\/www.facebook.com\/help\/cookies\" target=\"_blank\" rel=\"noopener\">https:\/\/www.facebook.com\/help\/cookies<\/a>; <a href=\"https:\/\/www.facebook.com\/about\/privacy\/cookies\" target=\"_blank\" rel=\"noopener\">https:\/\/www.facebook.com\/about\/privacy\/cookies<\/a>.<\/p><p><strong>Cookies de X:<\/strong><br>En este sitio web es posible que utilicemos los plugins sociales de X, gestionados por X Inc. 795 Folsom Street, Suite 600, San Francisco, CA 94107, EEUU. En este caso, tu navegador puede crear una conexi\u00f3n directa con los servidores X y transmitir datos sobre tu comportamiento colocando cookies en los servidores X. <\/p><p>Para m\u00e1s informaci\u00f3n y c\u00f3mo desactivarlas: <a href=\"https:\/\/help.x.com\/en\/rules-and-policies\/x-cookies\" target=\"_blank\" rel=\"noopener\">https:<\/a><a href=\"https:\/\/help.x.com\/en\/rules-and-policies\/x-cookies\" target=\"_blank\" rel=\"noopener\">\/\/help.x.com\/en\/rules-and-policies\/x-cookies.<\/a><\/p><p><strong>Cookies de Instagram:<\/strong><br>En esta Web es posible que al conectarse con el servidor de Instragram se usen los plugins sociales, y transmitir los datos (identificador del navegador del usuario) sobre su comportamiento mediante la colocaci\u00f3n de cookies a los servidores de Instagram.<\/p><p>Para m\u00e1s informaci\u00f3n y forma de desactivarlas:<br><a href=\"https:\/\/help.instagram.com\/1896641480634370?ref=ig\" target=\"_blank\" rel=\"noopener\">https:\/\/help.instagram.com\/1896641480634370?ref=ig<\/a><\/p><p><strong>Cookies de YouTube:<\/strong><br>En esta Web es posible conectarse con el servidor de Youtube, la entidad que presta el servicio es Google Ireland Limited. La informaci\u00f3n sobre la privacidad en los siguientes enlaces: <br><a href=\"https:\/\/policies.google.com\/technologies\/types?hl=es\" target=\"_blank\" rel=\"noopener\">https:\/\/policies.google.com\/technologies\/types?hl=es<\/a><\/p><p><strong>Fecha de la \u00faltima revisi\u00f3n: junio de 2025.<\/strong><\/p>\t\t\t\t\t\t\t\t<\/div>\n\t\t\t\t<\/div>\n\t\t\t\t\t<\/div>\n\t\t<\/div>\n\t\t\t\t\t<\/div>\n\t\t<\/section>\n\t\t\t\t<section class=\"elementor-section elementor-top-section elementor-element elementor-element-97cb05d elementor-section-full_width elementor-section-stretched elementor-section-height-default elementor-section-height-default\" data-id=\"97cb05d\" data-element_type=\"section\" data-e-type=\"section\" data-settings=\"{&quot;stretch_section&quot;:&quot;section-stretched&quot;,&quot;background_background&quot;:&quot;classic&quot;,&quot;shape_divider_top&quot;:&quot;triangle-asymmetrical&quot;}\">\n\t\t\t\t\t\t\t<div class=\"elementor-background-overlay\"><\/div>\n\t\t\t\t\t\t<div class=\"elementor-shape elementor-shape-top\" aria-hidden=\"true\" data-negative=\"false\">\n\t\t\t<svg xmlns=\"http:\/\/www.w3.org\/2000\/svg\" viewBox=\"0 0 1000 100\" preserveAspectRatio=\"none\">\n\t<path class=\"elementor-shape-fill\" d=\"M738,99l262-93V0H0v5.6L738,99z\"\/>\n<\/svg>\t\t<\/div>\n\t\t\t\t\t<div class=\"elementor-container elementor-column-gap-default\">\n\t\t\t\t\t<div class=\"elementor-column elementor-col-100 elementor-top-column elementor-element elementor-element-7f46e1f\" data-id=\"7f46e1f\" data-element_type=\"column\" data-e-type=\"column\">\n\t\t\t<div class=\"elementor-widget-wrap elementor-element-populated\">\n\t\t\t\t\t\t<section class=\"elementor-section elementor-inner-section elementor-element elementor-element-f508331 elementor-section-boxed elementor-section-height-default elementor-section-height-default\" data-id=\"f508331\" data-element_type=\"section\" data-e-type=\"section\">\n\t\t\t\t\t\t<div class=\"elementor-container elementor-column-gap-default\">\n\t\t\t\t\t<div class=\"elementor-column elementor-col-100 elementor-inner-column elementor-element elementor-element-7cb2c2e\" data-id=\"7cb2c2e\" data-element_type=\"column\" data-e-type=\"column\">\n\t\t\t<div class=\"elementor-widget-wrap elementor-element-populated\">\n\t\t\t\t\t\t<div class=\"elementor-element elementor-element-142e881 elementor-widget elementor-widget-heading\" data-id=\"142e881\" data-element_type=\"widget\" data-e-type=\"widget\" data-widget_type=\"heading.default\">\n\t\t\t\t<div class=\"elementor-widget-container\">\n\t\t\t\t\t<h2 class=\"elementor-heading-title elementor-size-default\">Ponte en contacto<\/h2>\t\t\t\t<\/div>\n\t\t\t\t<\/div>\n\t\t\t\t<div class=\"elementor-element elementor-element-4763cdd elementor-widget elementor-widget-text-editor\" data-id=\"4763cdd\" data-element_type=\"widget\" data-e-type=\"widget\" data-widget_type=\"text-editor.default\">\n\t\t\t\t<div class=\"elementor-widget-container\">\n\t\t\t\t\t\t\t\t\t<p>Un buen punto de partida &#8230; Si buscas servicios fotogr\u00e1ficos o quieres promocionar el alquiler o la venta de tu inmueble, seguro que podemos ayudarte. Puedes introducir tu nombre y correo electr\u00f3nico a continuaci\u00f3n o, si quieres darnos m\u00e1s detalles, puedes utilizar nuestro formulario de contacto. En cualquier caso, nos pondremos en contacto contigo lo antes posible.   <\/p>\t\t\t\t\t\t\t\t<\/div>\n\t\t\t\t<\/div>\n\t\t\t\t<div class=\"elementor-element elementor-element-4a3b2ce elementor-hidden-phone elementor-widget elementor-widget-shortcode\" data-id=\"4a3b2ce\" data-element_type=\"widget\" data-e-type=\"widget\" data-widget_type=\"shortcode.default\">\n\t\t\t\t<div class=\"elementor-widget-container\">\n\t\t\t\t\t\t\t<div class=\"elementor-shortcode\">[wpforms id=\"12660\" title=\"false\" description=\"false\"]<\/div>\n\t\t\t\t\t\t<\/div>\n\t\t\t\t<\/div>\n\t\t\t\t<div class=\"elementor-element elementor-element-b4481ad elementor-hidden-desktop elementor-hidden-tablet elementor-widget elementor-widget-shortcode\" data-id=\"b4481ad\" data-element_type=\"widget\" data-e-type=\"widget\" data-widget_type=\"shortcode.default\">\n\t\t\t\t<div class=\"elementor-widget-container\">\n\t\t\t\t\t\t\t<div class=\"elementor-shortcode\">[wpforms id=\"12665\" title=\"false\" description=\"false\"]<\/div>\n\t\t\t\t\t\t<\/div>\n\t\t\t\t<\/div>\n\t\t\t\t\t<\/div>\n\t\t<\/div>\n\t\t\t\t\t<\/div>\n\t\t<\/section>\n\t\t\t\t\t<\/div>\n\t\t<\/div>\n\t\t\t\t\t<\/div>\n\t\t<\/section>\n\t\t\t\t<\/div>\n\t\t","protected":false},"excerpt":{"rendered":"<p>Pol\u00edtica de Cookies Fotograf\u00eda, Tours Virtuales, Sitios Web Bienvenido a la Pol\u00edtica de Cookies de Spanish Villa Photography Si tiene alguna pregunta, cont\u00e1ctenos por correo electr\u00f3nico (terms@spanishvilla.photos). Gracias. Responsable: Mark&hellip;<\/p>\n<p> <a class=\"more-link\" href=\"https:\/\/www.spanishvillaphotography.com\/es\/politica-de-cookies\/\">Leer m\u00e1s<\/a><\/p>\n","protected":false},"author":1,"featured_media":0,"parent":0,"menu_order":0,"comment_status":"closed","ping_status":"closed","template":"","meta":{"footnotes":""},"class_list":["post-17287","page","type-page","status-publish"],"_links":{"self":[{"href":"https:\/\/www.spanishvillaphotography.com\/es\/wp-json\/wp\/v2\/pages\/17287","targetHints":{"allow":["GET"]}}],"collection":[{"href":"https:\/\/www.spanishvillaphotography.com\/es\/wp-json\/wp\/v2\/pages"}],"about":[{"href":"https:\/\/www.spanishvillaphotography.com\/es\/wp-json\/wp\/v2\/types\/page"}],"author":[{"embeddable":true,"href":"https:\/\/www.spanishvillaphotography.com\/es\/wp-json\/wp\/v2\/users\/1"}],"replies":[{"embeddable":true,"href":"https:\/\/www.spanishvillaphotography.com\/es\/wp-json\/wp\/v2\/comments?post=17287"}],"version-history":[{"count":3,"href":"https:\/\/www.spanishvillaphotography.com\/es\/wp-json\/wp\/v2\/pages\/17287\/revisions"}],"predecessor-version":[{"id":17297,"href":"https:\/\/www.spanishvillaphotography.com\/es\/wp-json\/wp\/v2\/pages\/17287\/revisions\/17297"}],"wp:attachment":[{"href":"https:\/\/www.spanishvillaphotography.com\/es\/wp-json\/wp\/v2\/media?parent=17287"}],"curies":[{"name":"wp","href":"https:\/\/api.w.org\/{rel}","templated":true}]}}